{"id":1212,"date":"2019-02-22T06:07:27","date_gmt":"2019-02-22T06:07:27","guid":{"rendered":"https:\/\/cau.co.me\/naslovna\/"},"modified":"2019-02-22T19:32:07","modified_gmt":"2019-02-22T19:32:07","slug":"naslovna","status":"publish","type":"page","link":"https:\/\/cau.co.me\/me\/","title":{"rendered":"Naslovna"},"content":{"rendered":"\t\t<div data-elementor-type=\"wp-post\" data-elementor-id=\"1212\" class=\"elementor elementor-1212 elementor-493 elementor-bc-flex-widget\" data-elementor-post-type=\"page\">\n\t\t\t\t\t\t<section class=\"elementor-section elementor-top-section elementor-element elementor-element-58dea8d elementor-section-full_width elementor-section-height-full full-height elementor-section-height-default elementor-section-items-middle\" data-id=\"58dea8d\" data-element_type=\"section\" data-settings=\"{&quot;background_background&quot;:&quot;classic&quot;}\">\n\t\t\t\t\t\t<div class=\"elementor-container elementor-column-gap-no\">\n\t\t\t\t\t<div class=\"elementor-column elementor-col-100 elementor-top-column elementor-element elementor-element-7947ae5\" data-id=\"7947ae5\" data-element_type=\"column\">\n\t\t\t<div class=\"elementor-widget-wrap elementor-element-populated\">\n\t\t\t\t\t\t<div class=\"elementor-element elementor-element-8ca07d0 elementor-invisible elementor-widget elementor-widget-heading\" data-id=\"8ca07d0\" data-element_type=\"widget\" data-settings=\"{&quot;_animation&quot;:&quot;fadeInDown&quot;}\" data-widget_type=\"heading.default\">\n\t\t\t\t<div class=\"elementor-widget-container\">\n\t\t\t<h2 class=\"elementor-heading-title elementor-size-default\">Centar za arhitekturu i urbanizam<\/h2>\t\t<\/div>\n\t\t\t\t<\/div>\n\t\t\t\t<div class=\"elementor-element elementor-element-5d5c206 elementor-invisible elementor-widget elementor-widget-text-editor\" data-id=\"5d5c206\" data-element_type=\"widget\" data-settings=\"{&quot;_animation&quot;:&quot;fadeIn&quot;,&quot;_animation_delay&quot;:1000}\" data-widget_type=\"text-editor.default\">\n\t\t\t\t<div class=\"elementor-widget-container\">\n\t\t\t\t\t\t\t<p style=\"text-align: center;\">Centar za arhitekturu i urbanizam (CAU) je multidisciplinarno konsultantsko preduze\u0107e koje nudi \u0161irok raspon usluga iz razli\u010ditih oblasti: izvo\u0111enje radova, konsultantske usluge i usluge upravljanja investicijama, izrada master planova i istra\u017eivanje.<\/p>\n\t\t\t\t\t\t<\/div>\n\t\t\t\t<\/div>\n\t\t\t\t\t<\/div>\n\t\t<\/div>\n\t\t\t\t\t<\/div>\n\t\t<\/section>\n\t\t\t\t<\/div>\n\t\t","protected":false},"excerpt":{"rendered":"<p>Centar za arhitekturu i urbanizam Centar za arhitekturu i urbanizam (CAU) je multidisciplinarno konsultantsko preduze\u0107e koje nudi \u0161irok raspon usluga iz razli\u010ditih oblasti: izvo\u0111enje radova, konsultantske usluge i usluge upravljanja investicijama, izrada master planova i istra\u017eivanje.<\/p>\n","protected":false},"author":1,"featured_media":0,"parent":0,"menu_order":0,"comment_status":"closed","ping_status":"closed","template":"elementor_header_footer","meta":{"footnotes":""},"class_list":["post-1212","page","type-page","status-publish","hentry"],"_links":{"self":[{"href":"https:\/\/cau.co.me\/me\/wp-json\/wp\/v2\/pages\/1212"}],"collection":[{"href":"https:\/\/cau.co.me\/me\/wp-json\/wp\/v2\/pages"}],"about":[{"href":"https:\/\/cau.co.me\/me\/wp-json\/wp\/v2\/types\/page"}],"author":[{"embeddable":true,"href":"https:\/\/cau.co.me\/me\/wp-json\/wp\/v2\/users\/1"}],"replies":[{"embeddable":true,"href":"https:\/\/cau.co.me\/me\/wp-json\/wp\/v2\/comments?post=1212"}],"version-history":[{"count":5,"href":"https:\/\/cau.co.me\/me\/wp-json\/wp\/v2\/pages\/1212\/revisions"}],"predecessor-version":[{"id":1361,"href":"https:\/\/cau.co.me\/me\/wp-json\/wp\/v2\/pages\/1212\/revisions\/1361"}],"wp:attachment":[{"href":"https:\/\/cau.co.me\/me\/wp-json\/wp\/v2\/media?parent=1212"}],"curies":[{"name":"wp","href":"https:\/\/api.w.org\/{rel}","templated":true}]}}