{"id":1245,"date":"2019-02-22T16:27:56","date_gmt":"2019-02-22T16:27:56","guid":{"rendered":"https:\/\/cau.co.me\/o-nama\/"},"modified":"2019-02-22T18:50:48","modified_gmt":"2019-02-22T18:50:48","slug":"o-nama","status":"publish","type":"page","link":"https:\/\/cau.co.me\/me\/o-nama\/","title":{"rendered":"O nama"},"content":{"rendered":"\t\t<div data-elementor-type=\"wp-post\" data-elementor-id=\"1245\" class=\"elementor elementor-1245 elementor-853 elementor-bc-flex-widget\" data-elementor-post-type=\"page\">\n\t\t\t\t\t\t<section class=\"elementor-section elementor-top-section elementor-element elementor-element-f6f64e5 elementor-section-full_width elementor-section-items-top elementor-section-height-full elementor-section-height-default\" data-id=\"f6f64e5\" data-element_type=\"section\">\n\t\t\t\t\t\t<div class=\"elementor-container elementor-column-gap-no\">\n\t\t\t\t\t<div class=\"elementor-column elementor-col-100 elementor-top-column elementor-element elementor-element-aafb03a elementor-invisible\" data-id=\"aafb03a\" data-element_type=\"column\" data-settings=\"{&quot;animation&quot;:&quot;fadeIn&quot;}\">\n\t\t\t<div class=\"elementor-widget-wrap elementor-element-populated\">\n\t\t\t\t\t\t<div class=\"elementor-element elementor-element-9167246 elementor-widget elementor-widget-heading\" data-id=\"9167246\" data-element_type=\"widget\" data-widget_type=\"heading.default\">\n\t\t\t\t<div class=\"elementor-widget-container\">\n\t\t\t<h3 class=\"elementor-heading-title elementor-size-default\">O nama<\/h3>\t\t<\/div>\n\t\t\t\t<\/div>\n\t\t\t\t<div class=\"elementor-element elementor-element-7b9b00f elementor-widget-divider--view-line elementor-widget elementor-widget-divider\" data-id=\"7b9b00f\" data-element_type=\"widget\" data-widget_type=\"divider.default\">\n\t\t\t\t<div class=\"elementor-widget-container\">\n\t\t\t\t\t<div class=\"elementor-divider\">\n\t\t\t<span class=\"elementor-divider-separator\">\n\t\t\t\t\t\t<\/span>\n\t\t<\/div>\n\t\t\t\t<\/div>\n\t\t\t\t<\/div>\n\t\t\t\t<div class=\"elementor-element elementor-element-2fd4d1a elementor-widget elementor-widget-text-editor\" data-id=\"2fd4d1a\" data-element_type=\"widget\" data-widget_type=\"text-editor.default\">\n\t\t\t\t<div class=\"elementor-widget-container\">\n\t\t\t\t\t\t\t<p>Centar za arhitekturu i urbanizam (CAU) je multidisciplinarno konsultantsko preduze\u0107e koje nudi \u0161irok raspon usluga iz razli\u010ditih oblasti: izvo\u0111enje radova, konsultantske usluge i usluge upravljanja investicijama, izrada master planova i istra\u017eivanje.<\/p>\n<p>Od 2008. godine, kada je preduze\u0107e osnovano inicijalno kao urbanisti\u010dki biro, ono je brzo pro\u0161irilo svoj obim posla u isto vrijeme odr\u017eavaju\u0107i jasan fokus \u2013 pru\u017eanje stru\u010dnih usluga visokog kvaliteta svojim klijentima i \u0161irenje tima iskusnih profesionalaca koje zapo\u0161ljava. Kompanija konstanto ula\u017ee u svoje resurse kako bi mogla da odgovori na sve kompleksnije zahtjeve svojih klijenata i relevantnih procedura. Sa svojim iskustvom iz oblasti gra\u0111evine, dobrim poznavanjem procedura, gra\u0111evinskih zakona i propisa, svojim klijentima nudimo potpunu posve\u0107enost kroz usluge koje pru\u017eamo na nivou svih faze jednog gra\u0111evinskog projekta, od one po\u010detne ideje pa do njegove same realizacije. Pouzdanost, visok kvalitet i profesinalnost su samo neke od klju\u010dnih odlika CAU koje na\u0161i inostrani i lokalni klijenti prepozaju. &#8220;U\u010denje kroz rad&#8221; je pristup kroz koji CAU, kao multidisciplinarni sistem, potvr\u0111uje i dokazuje svoje kvalitete i reputaciju konstantno postavljaju\u0107i dobar primjer poslovanja uz \u0161iri dru\u0161tveni doprinos.<\/p>\n<p>CAU trenutno ima preko 50 stalno zaposlenih in\u017eenjera razli\u010ditih faza I odjeljenja (arhitektura, gra\u0111evina, ma\u0161instvo, elektrotehnika, hidrotehnika, saobra\u0107aj, ure\u0111enje terena, konzervacija objekata, geologija, tehni\u010dki in\u017eenjering, geodezija) dok su ostali zaposleni stru\u010dnjazi iz oblasti menad\u017ementa, finansija, ra\u010dunovo\u0111stva, itd. CAU tako\u0111e posjeduje oko 30 licenci za sve faze projektovanja.<\/p>\n\t\t\t\t\t\t<\/div>\n\t\t\t\t<\/div>\n\t\t\t\t\t<\/div>\n\t\t<\/div>\n\t\t\t\t\t<\/div>\n\t\t<\/section>\n\t\t\t\t<\/div>\n\t\t","protected":false},"excerpt":{"rendered":"<p>O nama Centar za arhitekturu i urbanizam (CAU) je multidisciplinarno konsultantsko preduze\u0107e koje nudi \u0161irok raspon usluga iz razli\u010ditih oblasti: izvo\u0111enje radova, konsultantske usluge i usluge upravljanja investicijama, izrada master planova i istra\u017eivanje. Od 2008. godine, kada je preduze\u0107e osnovano inicijalno kao urbanisti\u010dki biro, ono je brzo pro\u0161irilo svoj obim posla u isto vrijeme odr\u017eavaju\u0107i [&hellip;]<\/p>\n","protected":false},"author":1,"featured_media":0,"parent":0,"menu_order":0,"comment_status":"closed","ping_status":"closed","template":"elementor_header_footer","meta":{"footnotes":""},"class_list":["post-1245","page","type-page","status-publish","hentry"],"_links":{"self":[{"href":"https:\/\/cau.co.me\/me\/wp-json\/wp\/v2\/pages\/1245"}],"collection":[{"href":"https:\/\/cau.co.me\/me\/wp-json\/wp\/v2\/pages"}],"about":[{"href":"https:\/\/cau.co.me\/me\/wp-json\/wp\/v2\/types\/page"}],"author":[{"embeddable":true,"href":"https:\/\/cau.co.me\/me\/wp-json\/wp\/v2\/users\/1"}],"replies":[{"embeddable":true,"href":"https:\/\/cau.co.me\/me\/wp-json\/wp\/v2\/comments?post=1245"}],"version-history":[{"count":2,"href":"https:\/\/cau.co.me\/me\/wp-json\/wp\/v2\/pages\/1245\/revisions"}],"predecessor-version":[{"id":1357,"href":"https:\/\/cau.co.me\/me\/wp-json\/wp\/v2\/pages\/1245\/revisions\/1357"}],"wp:attachment":[{"href":"https:\/\/cau.co.me\/me\/wp-json\/wp\/v2\/media?parent=1245"}],"curies":[{"name":"wp","href":"https:\/\/api.w.org\/{rel}","templated":true}]}}