{"id":1249,"date":"2019-02-22T16:37:02","date_gmt":"2019-02-22T16:37:02","guid":{"rendered":"https:\/\/cau.co.me\/gradevina\/"},"modified":"2019-02-22T18:47:49","modified_gmt":"2019-02-22T18:47:49","slug":"gradevina","status":"publish","type":"page","link":"https:\/\/cau.co.me\/me\/gradevina\/","title":{"rendered":"Gra\u0111evina"},"content":{"rendered":"\t\t<div data-elementor-type=\"wp-post\" data-elementor-id=\"1249\" class=\"elementor elementor-1249 elementor-540 elementor-bc-flex-widget\" data-elementor-post-type=\"page\">\n\t\t\t\t\t\t<section class=\"elementor-section elementor-top-section elementor-element elementor-element-4d50969 elementor-section-full_width elementor-section-height-default elementor-section-height-default\" data-id=\"4d50969\" data-element_type=\"section\">\n\t\t\t\t\t\t<div class=\"elementor-container elementor-column-gap-no\">\n\t\t\t\t\t<div class=\"elementor-column elementor-col-33 elementor-top-column elementor-element elementor-element-7e302fe elementor-invisible\" data-id=\"7e302fe\" data-element_type=\"column\" data-settings=\"{&quot;animation&quot;:&quot;fadeIn&quot;,&quot;animation_delay&quot;:750}\">\n\t\t\t<div class=\"elementor-widget-wrap elementor-element-populated\">\n\t\t\t\t\t\t<div class=\"elementor-element elementor-element-69cd40a elementor-pagination-position-outside elementor-widget elementor-widget-image-carousel\" data-id=\"69cd40a\" data-element_type=\"widget\" data-settings=\"{&quot;slides_to_show&quot;:&quot;1&quot;,&quot;navigation&quot;:&quot;dots&quot;,&quot;autoplay&quot;:&quot;yes&quot;,&quot;pause_on_hover&quot;:&quot;yes&quot;,&quot;pause_on_interaction&quot;:&quot;yes&quot;,&quot;autoplay_speed&quot;:5000,&quot;infinite&quot;:&quot;yes&quot;,&quot;effect&quot;:&quot;slide&quot;,&quot;speed&quot;:500}\" data-widget_type=\"image-carousel.default\">\n\t\t\t\t<div class=\"elementor-widget-container\">\n\t\t\t\t\t<div class=\"elementor-image-carousel-wrapper swiper\" dir=\"ltr\">\n\t\t\t<div class=\"elementor-image-carousel swiper-wrapper\" aria-live=\"off\">\n\t\t\t\t\t\t\t\t<div class=\"swiper-slide\" role=\"group\" aria-roledescription=\"slide\" aria-label=\"1 of 4\"><figure class=\"swiper-slide-inner\"><img decoding=\"async\" class=\"swiper-slide-image\" src=\"https:\/\/cau.co.me\/wp-content\/uploads\/C1.jpg\" alt=\"C1\" \/><\/figure><\/div><div class=\"swiper-slide\" role=\"group\" aria-roledescription=\"slide\" aria-label=\"2 of 4\"><figure class=\"swiper-slide-inner\"><img decoding=\"async\" class=\"swiper-slide-image\" src=\"https:\/\/cau.co.me\/wp-content\/uploads\/C2.jpg\" alt=\"C2\" \/><\/figure><\/div><div class=\"swiper-slide\" role=\"group\" aria-roledescription=\"slide\" aria-label=\"3 of 4\"><figure class=\"swiper-slide-inner\"><img decoding=\"async\" class=\"swiper-slide-image\" src=\"https:\/\/cau.co.me\/wp-content\/uploads\/C3.jpg\" alt=\"C3\" \/><\/figure><\/div><div class=\"swiper-slide\" role=\"group\" aria-roledescription=\"slide\" aria-label=\"4 of 4\"><figure class=\"swiper-slide-inner\"><img decoding=\"async\" class=\"swiper-slide-image\" src=\"https:\/\/cau.co.me\/wp-content\/uploads\/C4.jpg\" alt=\"C4\" \/><\/figure><\/div>\t\t\t<\/div>\n\t\t\t\t\t\t\t\n\t\t\t\t\t\t\t\t\t<div class=\"swiper-pagination\"><\/div>\n\t\t\t\t\t\t\t\t\t<\/div>\n\t\t\t\t<\/div>\n\t\t\t\t<\/div>\n\t\t\t\t\t<\/div>\n\t\t<\/div>\n\t\t\t\t<div class=\"elementor-column elementor-col-66 elementor-top-column elementor-element elementor-element-b8174ec elementor-invisible\" data-id=\"b8174ec\" data-element_type=\"column\" data-settings=\"{&quot;animation&quot;:&quot;fadeIn&quot;}\">\n\t\t\t<div class=\"elementor-widget-wrap elementor-element-populated\">\n\t\t\t\t\t\t<div class=\"elementor-element elementor-element-be6fa9f elementor-widget elementor-widget-heading\" data-id=\"be6fa9f\" data-element_type=\"widget\" data-widget_type=\"heading.default\">\n\t\t\t\t<div class=\"elementor-widget-container\">\n\t\t\t<h3 class=\"elementor-heading-title elementor-size-default\">Gra\u0111evina<\/h3>\t\t<\/div>\n\t\t\t\t<\/div>\n\t\t\t\t<div class=\"elementor-element elementor-element-8ea7f81 elementor-widget-divider--view-line elementor-widget elementor-widget-divider\" data-id=\"8ea7f81\" data-element_type=\"widget\" data-widget_type=\"divider.default\">\n\t\t\t\t<div class=\"elementor-widget-container\">\n\t\t\t\t\t<div class=\"elementor-divider\">\n\t\t\t<span class=\"elementor-divider-separator\">\n\t\t\t\t\t\t<\/span>\n\t\t<\/div>\n\t\t\t\t<\/div>\n\t\t\t\t<\/div>\n\t\t\t\t<div class=\"elementor-element elementor-element-5c34906 elementor-widget elementor-widget-text-editor\" data-id=\"5c34906\" data-element_type=\"widget\" data-widget_type=\"text-editor.default\">\n\t\t\t\t<div class=\"elementor-widget-container\">\n\t\t\t\t\t\t\t<p><span class=\"small-title\">Realizacija projekata<br \/><\/span><\/p>\n<p>Stru\u010dna kontrola projekta je jedan od klju\u010dnih koraka u izradi projektne dokumentacije jer obuhvata procjenu tehni\u010dke dokumentacije u odnosu na zahtjeve, projektne kriterijume i trenutne prilike na tr\u017ei\u0161tu kako bi se osiguralo da projekat ispunjava ciljeve u \u010diju svrhu se radi ali i da bi se verifikovao kvalitet koraka koji prethode njegovoj izradi. Pored ovog, kontrola projekta tako\u0111e obuhvata i analizu odluka i logi\u010dke podloge za njegovu izradu kao i provjeru projekta u odnosu na relevantne i va\u017ee\u0107e regulative i standarde uz identifikovanje klju\u010dnih eventualnih problema koji mogu da ugroze ili dovedu do ka\u0161njenja u realizaciji kompletnog projekta, \u0161to omogu\u0107ava da se sprije\u010de nepotrebni tro\u0161kovi i gubitak vremena kod njegove realizacije. CAU posjeduje posebno veliko iskustvo u izradi idejnih rje\u0161enja, idejnih i glavnih projekata. Kompanija ima zna\u010dajno iskustvo na izradi projekata marina i pristani\u0161ta, motornih hala i hala za plovila, turisti\u010dkih naselja, poslovnh centara i objekata, radio-komunikacionih sistema, administrativnih i energetskih objekata.<\/p>\n<p><span class=\"small-title\">Stru\u010dni nadzor<\/span><\/p>\n<p>Stru\u010dni nadzor je jedna od klju\u010dnih usluga koje CAU pru\u017ea. Stru\u010dni nadzor predstavlja izuzetno kompleksan i zahtjevan posao jer kompanija garantuje da je objekat izveden u skladu sa projektnom dokumentacijom i va\u017ee\u0107im zakonima i propisima te je stoga i krivi\u010dno odgovorna za sve mane i nedostatke na objektu.<\/p>\n<p>Svjesni kompleksnosti i odgovornosti koju ova uloga sa sobom nosi, CAU je formirao dva tima nadzornih in\u017eenjera koji me\u0111usobno konstanto komuniciraju i razmjenjuju informacije, znanje i iskustvo o projektima \u010dime se osigurava da su stalno upoznati sa svim projektima i mogu u svakom trenutku uspje\u0161no da zamjene jedan drugog. Na ovaj na\u010din kompanija garantuje nesmetanu realizaciju projekta i visok kvalitet pru\u017eenih usluga.<\/p>\n<p>Na\u0161e reference za stru\u010dni nadzor obuhvataju najrazli\u010ditije projekte, i to: turisti\u010dka naselja, zdravstveni objekti, objekti za prera\u0111iva\u010dku industriju, telekomunikacije, brodarstvo, komercijalni i poslovni objekti.<\/p>\n<p><span class=\"small-title\">Stru\u010dna kontrola projekta<\/span><\/p>\n<p>Stru\u010dna kontrola projekta je jedan od klju\u010dnih koraka u izradi projektne dokumentacije jer obuhvata procjenu tehni\u010dke dokumentacije u odnosu na zahtjeve, projektne kriterijume i trenutne prilike na tr\u017ei\u0161tu kako bi se osiguralo da projekat ispunjava ciljeve u \u010diju svrhu se radi ali i da bi se verifikovao kvalitet koraka koji prethode njegovoj izradi. Pored ovog, kontrola projekta tako\u0111e obuhvata i analizu odluka i logi\u010dke podloge za njegovu izradu kao i provjeru projekta u odnosu na relevantne i va\u017ee\u0107e regulative i standarde uz identifikovanje klju\u010dnih eventualnih problema koji mogu da ugroze ili dovedu do ka\u0161njenja u realizaciji kompletnog projekta, \u0161to omogu\u0107ava da se sprije\u010de nepotrebni tro\u0161kovi i gubitak vremena kod njegove realizacije.<\/p>\n<p><span class=\"small-title\">Revizija tehni\u010dke dokumentacije<\/span><\/p>\n<p>CAU pru\u017ea usluge tehni\u010dke kontrole i revizije projektne dokumentacije za objekte poput turisti\u010dkih naselja, zdravstvenih objekata, komercijalnih centara i porodi\u010dnih ku\u0107a. Vjeruju\u0107i u koncept \u201edijeljenja znanja\u201c, u toku revizije tehni\u010dke dokumentacije, jo\u0161 od najranijih faza izrade projekta, CAU je u konstantnoj komunikaciji sa projektantom kako bi se osiguralo propisno razumijevanje svih djelova tehni\u010dke dokumentacije, dok CAU revidenti sara\u0111uju sa projektantima u smislu konsultacija i pru\u017eanja smjernica \u010dime se optimizuje procese izrade projekta i njegovog revidovanja. Kompanija posjeduje licencu za reviziju i stru\u010dni nadzor kao i licencu za projektovanje i izvo\u0111enje radova. CAU tako\u0111e zapo\u0161ljava in\u017eenjere odre\u0111enih faza sa licencom za slo\u017eene in\u017eenjerske objekte.<\/p>\n<p><span class=\"small-title\">Tehni\u010dki prijem<\/span><\/p>\n<p>Kompanija pru\u017ea usluge tehni\u010dkog pregleda i prijema ve\u0107 izvedenih gra\u0111evinskih radova na slo\u017eenim in\u017eenjerskim objektima. Za sada imamo iskustvo u tehni\u010dkom prijemu stambeno-poslovnih objekata, raznih benzinskih pumpi i marina.<\/p>\n\t\t\t\t\t\t<\/div>\n\t\t\t\t<\/div>\n\t\t\t\t\t<\/div>\n\t\t<\/div>\n\t\t\t\t\t<\/div>\n\t\t<\/section>\n\t\t\t\t<\/div>\n\t\t","protected":false},"excerpt":{"rendered":"<p>Gra\u0111evina Realizacija projekata Stru\u010dna kontrola projekta je jedan od klju\u010dnih koraka u izradi projektne dokumentacije jer obuhvata procjenu tehni\u010dke dokumentacije u odnosu na zahtjeve, projektne kriterijume i trenutne prilike na tr\u017ei\u0161tu kako bi se osiguralo da projekat ispunjava ciljeve u \u010diju svrhu se radi ali i da bi se verifikovao kvalitet koraka koji prethode njegovoj [&hellip;]<\/p>\n","protected":false},"author":1,"featured_media":0,"parent":0,"menu_order":0,"comment_status":"closed","ping_status":"closed","template":"elementor_header_footer","meta":{"footnotes":""},"class_list":["post-1249","page","type-page","status-publish","hentry"],"_links":{"self":[{"href":"https:\/\/cau.co.me\/me\/wp-json\/wp\/v2\/pages\/1249"}],"collection":[{"href":"https:\/\/cau.co.me\/me\/wp-json\/wp\/v2\/pages"}],"about":[{"href":"https:\/\/cau.co.me\/me\/wp-json\/wp\/v2\/types\/page"}],"author":[{"embeddable":true,"href":"https:\/\/cau.co.me\/me\/wp-json\/wp\/v2\/users\/1"}],"replies":[{"embeddable":true,"href":"https:\/\/cau.co.me\/me\/wp-json\/wp\/v2\/comments?post=1249"}],"version-history":[{"count":2,"href":"https:\/\/cau.co.me\/me\/wp-json\/wp\/v2\/pages\/1249\/revisions"}],"predecessor-version":[{"id":1352,"href":"https:\/\/cau.co.me\/me\/wp-json\/wp\/v2\/pages\/1249\/revisions\/1352"}],"wp:attachment":[{"href":"https:\/\/cau.co.me\/me\/wp-json\/wp\/v2\/media?parent=1249"}],"curies":[{"name":"wp","href":"https:\/\/api.w.org\/{rel}","templated":true}]}}