{"id":1252,"date":"2019-02-22T16:42:01","date_gmt":"2019-02-22T16:42:01","guid":{"rendered":"https:\/\/cau.co.me\/konsultantske-usluge-i-upravljanje-investicijama\/"},"modified":"2019-02-22T18:49:38","modified_gmt":"2019-02-22T18:49:38","slug":"konsultantske-usluge-i-upravljanje-investicijama","status":"publish","type":"page","link":"https:\/\/cau.co.me\/me\/konsultantske-usluge-i-upravljanje-investicijama\/","title":{"rendered":"Konsultantske usluge i upravljanje investicijama"},"content":{"rendered":"\t\t<div data-elementor-type=\"wp-post\" data-elementor-id=\"1252\" class=\"elementor elementor-1252 elementor-560 elementor-bc-flex-widget\" data-elementor-post-type=\"page\">\n\t\t\t\t\t\t<section class=\"elementor-section elementor-top-section elementor-element elementor-element-f1e5a80 elementor-section-full_width elementor-section-height-default elementor-section-height-default\" data-id=\"f1e5a80\" data-element_type=\"section\">\n\t\t\t\t\t\t<div class=\"elementor-container elementor-column-gap-no\">\n\t\t\t\t\t<div class=\"elementor-column elementor-col-33 elementor-top-column elementor-element elementor-element-470fbe7 elementor-invisible\" data-id=\"470fbe7\" data-element_type=\"column\" data-settings=\"{&quot;animation&quot;:&quot;fadeIn&quot;,&quot;animation_delay&quot;:750}\">\n\t\t\t<div class=\"elementor-widget-wrap elementor-element-populated\">\n\t\t\t\t\t\t<div class=\"elementor-element elementor-element-25eeb97 elementor-pagination-position-outside elementor-widget elementor-widget-image-carousel\" data-id=\"25eeb97\" data-element_type=\"widget\" data-settings=\"{&quot;slides_to_show&quot;:&quot;1&quot;,&quot;navigation&quot;:&quot;dots&quot;,&quot;autoplay&quot;:&quot;yes&quot;,&quot;pause_on_hover&quot;:&quot;yes&quot;,&quot;pause_on_interaction&quot;:&quot;yes&quot;,&quot;autoplay_speed&quot;:5000,&quot;infinite&quot;:&quot;yes&quot;,&quot;effect&quot;:&quot;slide&quot;,&quot;speed&quot;:500}\" data-widget_type=\"image-carousel.default\">\n\t\t\t\t<div class=\"elementor-widget-container\">\n\t\t\t\t\t<div class=\"elementor-image-carousel-wrapper swiper\" dir=\"ltr\">\n\t\t\t<div class=\"elementor-image-carousel swiper-wrapper\" aria-live=\"off\">\n\t\t\t\t\t\t\t\t<div class=\"swiper-slide\" role=\"group\" aria-roledescription=\"slide\" aria-label=\"1 of 2\"><figure class=\"swiper-slide-inner\"><img decoding=\"async\" class=\"swiper-slide-image\" src=\"https:\/\/cau.co.me\/wp-content\/uploads\/CM1.jpg\" alt=\"CM1\" \/><\/figure><\/div><div class=\"swiper-slide\" role=\"group\" aria-roledescription=\"slide\" aria-label=\"2 of 2\"><figure class=\"swiper-slide-inner\"><img decoding=\"async\" class=\"swiper-slide-image\" src=\"https:\/\/cau.co.me\/wp-content\/uploads\/CM2.jpg\" alt=\"CM2\" \/><\/figure><\/div>\t\t\t<\/div>\n\t\t\t\t\t\t\t\n\t\t\t\t\t\t\t\t\t<div class=\"swiper-pagination\"><\/div>\n\t\t\t\t\t\t\t\t\t<\/div>\n\t\t\t\t<\/div>\n\t\t\t\t<\/div>\n\t\t\t\t\t<\/div>\n\t\t<\/div>\n\t\t\t\t<div class=\"elementor-column elementor-col-66 elementor-top-column elementor-element elementor-element-5f2893b elementor-invisible\" data-id=\"5f2893b\" data-element_type=\"column\" data-settings=\"{&quot;animation&quot;:&quot;fadeIn&quot;}\">\n\t\t\t<div class=\"elementor-widget-wrap elementor-element-populated\">\n\t\t\t\t\t\t<div class=\"elementor-element elementor-element-34d6410 elementor-widget elementor-widget-heading\" data-id=\"34d6410\" data-element_type=\"widget\" data-widget_type=\"heading.default\">\n\t\t\t\t<div class=\"elementor-widget-container\">\n\t\t\t<h3 class=\"elementor-heading-title elementor-size-default\">Konsultantske usluge i upravljanje investicijama<\/h3>\t\t<\/div>\n\t\t\t\t<\/div>\n\t\t\t\t<div class=\"elementor-element elementor-element-7b6dc2f elementor-widget-divider--view-line elementor-widget elementor-widget-divider\" data-id=\"7b6dc2f\" data-element_type=\"widget\" data-widget_type=\"divider.default\">\n\t\t\t\t<div class=\"elementor-widget-container\">\n\t\t\t\t\t<div class=\"elementor-divider\">\n\t\t\t<span class=\"elementor-divider-separator\">\n\t\t\t\t\t\t<\/span>\n\t\t<\/div>\n\t\t\t\t<\/div>\n\t\t\t\t<\/div>\n\t\t\t\t<div class=\"elementor-element elementor-element-db6da85 elementor-widget elementor-widget-text-editor\" data-id=\"db6da85\" data-element_type=\"widget\" data-widget_type=\"text-editor.default\">\n\t\t\t\t<div class=\"elementor-widget-container\">\n\t\t\t\t\t\t\t<p><span class=\"small-title\">Upravljanje projektima<\/span><\/p>\n<p>Pokazalo se da u doba globalizacije i vrijednosti informacija, timski rad povezanih sistema i pojedinaca \u0161irom svijeta postaje trend na ozbiljnim projektima koji imaju za cilj kvalitetno i kreativno unapre\u0111enje planersko-in\u017eenjerske prakse na ovim prostorima, kao i pru\u017eanje sveobuhvatne usluge u trenutno sve kompleksnijim zahtjevima klijenata i po\u0161tovanje procedura. Stoga je kompanija organizovana tako da odgovori na najkompleksnije zahtjeve investitora u pogledu upravljanja projektima \u2013 upravljanja turisti\u010dkim naseljima, infrastrukturnim i in\u017eenjerskim objektima, industrijskim objektima, hotelima, itd.<\/p>\n<p><span class=\"small-title\">Upravljanje izradom projekta<\/span><\/p>\n<p>Pored na\u0161eg iskustva i znanja iz oblasti gra\u0111evine, iskustva na izradi projektne dokumentacije, dobrog poznavanja procedura, gra\u0111evinskih zakona i propisa, nudimo usluge upravljanja izradom projekta kroz sve faze njegove realizacije. Ova usluga obuhvata pra\u0107enje rada konsultanata uklju\u010denih na izradi projekta, saradnja sa projektnim timom i izvje\u0161tavanje prema klijentu.<\/p>\n<p><span class=\"small-title\">Strukturiranje projektnog tima<\/span><\/p>\n<p>Oslanjaju\u0107i se na iskustvo i mre\u017eu koju su kompanija i njen menad\u017ement do sada izgradili, CAU svojim klijentima nudi sveobuhvatne usluge sastavljanja tima konsultanata koji su potrebni za svaku fazu projekta kao i definisanje detaljne dinamike koja omogu\u0107ava investitorima da ostvare svoje investicione ciljeve.<\/p>\n<p><span class=\"small-title\">Upravljanje tro\u0161kovima<\/span><\/p>\n<p>Procjena neophodnih resursa i optimizacija izrade projekta garantuju njegovu efikasnu realizaciju uz pa\u017eljivo upravljanje rizikom i obezbje\u0111ivanje rezervi za nepredvi\u0111ene situacije, uvijek vode\u0107i ra\u010duna o usvojenom bud\u017eetu.<\/p>\n<p><span class=\"small-title\">Investiciono savjetovanje<\/span><\/p>\n<p>Savjetovanje u pogledu detaljne finansijske analize projekta zasnovano na stvaranju vrijednosti, proces izgradnje i strategija upravljanja sredstvima, za potrebe obezbje\u0111ivanja stvarnog povrata investicije za na\u0161e klijente.<\/p>\n<p><span class=\"small-title\">Pribavljanje dozvola, tuma\u010denje regulativa i procedura \u2013 lokalni konsultant za me\u0111unarodne klijente.<\/span><\/p>\n<p>Kao lokalni konsultant, pru\u017eamo na\u0161im klijentima usluge local architect \/ engineer of record koje obuhvataju \u0161irok dijapazon podusluga neophodnih za realizaciju projekta. Ove usluge podrazumjevaju: tuma\u010denje lokalnih planskih, komunalnih, poreskih propisa i identifikovanje zakonskih ograni\u010denja i mogu\u0107nosti, procjena bud\u017eeta na osnovu trenutnih i predvi\u0111enih okolnosti i trendova na svjetskim tr\u017ei\u0161tima, pru\u017eanje in\u017eenjerskih smjernica za optimalna tehni\u010dka rje\u0161enja prilago\u0111ena lokalnim prilikama, kontrola projektne dokumentacije kako bi se osigurala njena uskla\u0111enost sa relevantim lokalnim propisima, prostorno planskom dokumentacijom i korekcije ove dokumentacije kako bi se omogu\u0107ilo dobijanje gra\u0111evinskih i drugih dozvola.<\/p>\n\t\t\t\t\t\t<\/div>\n\t\t\t\t<\/div>\n\t\t\t\t\t<\/div>\n\t\t<\/div>\n\t\t\t\t\t<\/div>\n\t\t<\/section>\n\t\t\t\t<\/div>\n\t\t","protected":false},"excerpt":{"rendered":"<p>Konsultantske usluge i upravljanje investicijama Upravljanje projektima Pokazalo se da u doba globalizacije i vrijednosti informacija, timski rad povezanih sistema i pojedinaca \u0161irom svijeta postaje trend na ozbiljnim projektima koji imaju za cilj kvalitetno i kreativno unapre\u0111enje planersko-in\u017eenjerske prakse na ovim prostorima, kao i pru\u017eanje sveobuhvatne usluge u trenutno sve kompleksnijim zahtjevima klijenata i po\u0161tovanje [&hellip;]<\/p>\n","protected":false},"author":1,"featured_media":0,"parent":0,"menu_order":0,"comment_status":"closed","ping_status":"closed","template":"elementor_header_footer","meta":{"footnotes":""},"class_list":["post-1252","page","type-page","status-publish","hentry"],"_links":{"self":[{"href":"https:\/\/cau.co.me\/me\/wp-json\/wp\/v2\/pages\/1252"}],"collection":[{"href":"https:\/\/cau.co.me\/me\/wp-json\/wp\/v2\/pages"}],"about":[{"href":"https:\/\/cau.co.me\/me\/wp-json\/wp\/v2\/types\/page"}],"author":[{"embeddable":true,"href":"https:\/\/cau.co.me\/me\/wp-json\/wp\/v2\/users\/1"}],"replies":[{"embeddable":true,"href":"https:\/\/cau.co.me\/me\/wp-json\/wp\/v2\/comments?post=1252"}],"version-history":[{"count":1,"href":"https:\/\/cau.co.me\/me\/wp-json\/wp\/v2\/pages\/1252\/revisions"}],"predecessor-version":[{"id":1253,"href":"https:\/\/cau.co.me\/me\/wp-json\/wp\/v2\/pages\/1252\/revisions\/1253"}],"wp:attachment":[{"href":"https:\/\/cau.co.me\/me\/wp-json\/wp\/v2\/media?parent=1252"}],"curies":[{"name":"wp","href":"https:\/\/api.w.org\/{rel}","templated":true}]}}