{"id":1254,"date":"2019-02-22T16:45:05","date_gmt":"2019-02-22T16:45:05","guid":{"rendered":"https:\/\/cau.co.me\/izrada-master-planova\/"},"modified":"2019-02-22T19:01:10","modified_gmt":"2019-02-22T19:01:10","slug":"izrada-master-planova","status":"publish","type":"page","link":"https:\/\/cau.co.me\/me\/izrada-master-planova\/","title":{"rendered":"Izrada master planova"},"content":{"rendered":"\t\t<div data-elementor-type=\"wp-post\" data-elementor-id=\"1254\" class=\"elementor elementor-1254 elementor-566 elementor-bc-flex-widget\" data-elementor-post-type=\"page\">\n\t\t\t\t\t\t<section class=\"elementor-section elementor-top-section elementor-element elementor-element-e8f87d6 elementor-section-full_width elementor-section-items-top elementor-section-height-full elementor-section-height-default\" data-id=\"e8f87d6\" data-element_type=\"section\">\n\t\t\t\t\t\t<div class=\"elementor-container elementor-column-gap-no\">\n\t\t\t\t\t<div class=\"elementor-column elementor-col-33 elementor-top-column elementor-element elementor-element-c7e11a8 elementor-invisible\" data-id=\"c7e11a8\" data-element_type=\"column\" data-settings=\"{&quot;animation&quot;:&quot;fadeIn&quot;,&quot;animation_delay&quot;:750}\">\n\t\t\t<div class=\"elementor-widget-wrap elementor-element-populated\">\n\t\t\t\t\t\t<div class=\"elementor-element elementor-element-5d3d0d2 elementor-pagination-position-outside elementor-widget elementor-widget-image-carousel\" data-id=\"5d3d0d2\" data-element_type=\"widget\" data-settings=\"{&quot;slides_to_show&quot;:&quot;1&quot;,&quot;navigation&quot;:&quot;dots&quot;,&quot;autoplay&quot;:&quot;yes&quot;,&quot;pause_on_hover&quot;:&quot;yes&quot;,&quot;pause_on_interaction&quot;:&quot;yes&quot;,&quot;autoplay_speed&quot;:5000,&quot;infinite&quot;:&quot;yes&quot;,&quot;effect&quot;:&quot;slide&quot;,&quot;speed&quot;:500}\" data-widget_type=\"image-carousel.default\">\n\t\t\t\t<div class=\"elementor-widget-container\">\n\t\t\t\t\t<div class=\"elementor-image-carousel-wrapper swiper\" dir=\"ltr\">\n\t\t\t<div class=\"elementor-image-carousel swiper-wrapper\" aria-live=\"off\">\n\t\t\t\t\t\t\t\t<div class=\"swiper-slide\" role=\"group\" aria-roledescription=\"slide\" aria-label=\"1 of 3\"><figure class=\"swiper-slide-inner\"><img decoding=\"async\" class=\"swiper-slide-image\" src=\"https:\/\/cau.co.me\/wp-content\/uploads\/MP1-1.jpg\" alt=\"MP1\" \/><\/figure><\/div><div class=\"swiper-slide\" role=\"group\" aria-roledescription=\"slide\" aria-label=\"2 of 3\"><figure class=\"swiper-slide-inner\"><img decoding=\"async\" class=\"swiper-slide-image\" src=\"https:\/\/cau.co.me\/wp-content\/uploads\/MP2.jpg\" alt=\"MP2\" \/><\/figure><\/div><div class=\"swiper-slide\" role=\"group\" aria-roledescription=\"slide\" aria-label=\"3 of 3\"><figure class=\"swiper-slide-inner\"><img decoding=\"async\" class=\"swiper-slide-image\" src=\"https:\/\/cau.co.me\/wp-content\/uploads\/MP3.jpg\" alt=\"MP3\" \/><\/figure><\/div>\t\t\t<\/div>\n\t\t\t\t\t\t\t\n\t\t\t\t\t\t\t\t\t<div class=\"swiper-pagination\"><\/div>\n\t\t\t\t\t\t\t\t\t<\/div>\n\t\t\t\t<\/div>\n\t\t\t\t<\/div>\n\t\t\t\t\t<\/div>\n\t\t<\/div>\n\t\t\t\t<div class=\"elementor-column elementor-col-66 elementor-top-column elementor-element elementor-element-4e69f71 elementor-invisible\" data-id=\"4e69f71\" data-element_type=\"column\" data-settings=\"{&quot;animation&quot;:&quot;fadeIn&quot;}\">\n\t\t\t<div class=\"elementor-widget-wrap elementor-element-populated\">\n\t\t\t\t\t\t<div class=\"elementor-element elementor-element-c271ab4 elementor-widget elementor-widget-heading\" data-id=\"c271ab4\" data-element_type=\"widget\" data-widget_type=\"heading.default\">\n\t\t\t\t<div class=\"elementor-widget-container\">\n\t\t\t<h3 class=\"elementor-heading-title elementor-size-default\">Izrada master planova<\/h3>\t\t<\/div>\n\t\t\t\t<\/div>\n\t\t\t\t<div class=\"elementor-element elementor-element-186b4ec elementor-widget-divider--view-line elementor-widget elementor-widget-divider\" data-id=\"186b4ec\" data-element_type=\"widget\" data-widget_type=\"divider.default\">\n\t\t\t\t<div class=\"elementor-widget-container\">\n\t\t\t\t\t<div class=\"elementor-divider\">\n\t\t\t<span class=\"elementor-divider-separator\">\n\t\t\t\t\t\t<\/span>\n\t\t<\/div>\n\t\t\t\t<\/div>\n\t\t\t\t<\/div>\n\t\t\t\t<div class=\"elementor-element elementor-element-5dd9750 elementor-widget elementor-widget-text-editor\" data-id=\"5dd9750\" data-element_type=\"widget\" data-widget_type=\"text-editor.default\">\n\t\t\t\t<div class=\"elementor-widget-container\">\n\t\t\t\t\t\t\t<p>U pogledu prostornog planiranja, CAU se ponosi \u010dinjenicom da je bio anga\u017eovan na izradi nekih za dr\u017eavu klju\u010dnih planova. Obim na\u0161ih aktivnosti se kre\u0107e od izrade urbanisti\u010dkih projekata, detaljnih urbanisti\u010dkih planova, op\u0161tinskih prostornih planova do prostornih planova posebne namjene za neke od klju\u010dnih resursa dr\u017eave. U svom radu, CAU in\u017eenjeri se oslanjaju na praksu dvosmjerne komunikacije sa svim stranama uklju\u010denim u proces izrade projekta kako bi se osiguralo da finalni rezultat budu proizvodi najboljeg kvaliteta kao i da sve strane uklju\u010dene u proces budu zadovoljne. Tako\u0111e, kompanija je uspostavila jako uspje\u0161nu saradnju sa istaknutim me\u0111unarodnim kompanijama koje su nas upoznale sa druga\u010dijim pristupima prostornom planiranju \u0161to nam je omogu\u0107ilo uvo\u0111enje noviteta u lokalne prakse.<\/p>\n<ul>\n<li>Prostorni planovi posebne namjene<\/li>\n<li>Detaljni prostorni planovi<\/li>\n<li>Prostorno-urbanisti\u010dki planovi<\/li>\n<li>Dr\u017eavne studije lokacije<\/li>\n<li>Detaljni urbanisti\u010dki planovi<\/li>\n<li>Lokalne studije lokacije<\/li>\n<li>Urbanisti\u010dki projekti<\/li>\n<li>Detaljne razrade lokacije<\/li>\n<\/ul>\n\t\t\t\t\t\t<\/div>\n\t\t\t\t<\/div>\n\t\t\t\t\t<\/div>\n\t\t<\/div>\n\t\t\t\t\t<\/div>\n\t\t<\/section>\n\t\t\t\t<\/div>\n\t\t","protected":false},"excerpt":{"rendered":"<p>Izrada master planova U pogledu prostornog planiranja, CAU se ponosi \u010dinjenicom da je bio anga\u017eovan na izradi nekih za dr\u017eavu klju\u010dnih planova. Obim na\u0161ih aktivnosti se kre\u0107e od izrade urbanisti\u010dkih projekata, detaljnih urbanisti\u010dkih planova, op\u0161tinskih prostornih planova do prostornih planova posebne namjene za neke od klju\u010dnih resursa dr\u017eave. U svom radu, CAU in\u017eenjeri se oslanjaju [&hellip;]<\/p>\n","protected":false},"author":1,"featured_media":0,"parent":0,"menu_order":0,"comment_status":"closed","ping_status":"closed","template":"elementor_header_footer","meta":{"footnotes":""},"class_list":["post-1254","page","type-page","status-publish","hentry"],"_links":{"self":[{"href":"https:\/\/cau.co.me\/me\/wp-json\/wp\/v2\/pages\/1254"}],"collection":[{"href":"https:\/\/cau.co.me\/me\/wp-json\/wp\/v2\/pages"}],"about":[{"href":"https:\/\/cau.co.me\/me\/wp-json\/wp\/v2\/types\/page"}],"author":[{"embeddable":true,"href":"https:\/\/cau.co.me\/me\/wp-json\/wp\/v2\/users\/1"}],"replies":[{"embeddable":true,"href":"https:\/\/cau.co.me\/me\/wp-json\/wp\/v2\/comments?post=1254"}],"version-history":[{"count":4,"href":"https:\/\/cau.co.me\/me\/wp-json\/wp\/v2\/pages\/1254\/revisions"}],"predecessor-version":[{"id":1359,"href":"https:\/\/cau.co.me\/me\/wp-json\/wp\/v2\/pages\/1254\/revisions\/1359"}],"wp:attachment":[{"href":"https:\/\/cau.co.me\/me\/wp-json\/wp\/v2\/media?parent=1254"}],"curies":[{"name":"wp","href":"https:\/\/api.w.org\/{rel}","templated":true}]}}