{"id":1256,"date":"2019-02-22T16:46:35","date_gmt":"2019-02-22T16:46:35","guid":{"rendered":"https:\/\/cau.co.me\/istrazivanje-na-terenu\/"},"modified":"2019-02-23T06:16:31","modified_gmt":"2019-02-23T06:16:31","slug":"istrazivanje-na-terenu","status":"publish","type":"page","link":"https:\/\/cau.co.me\/me\/istrazivanje-na-terenu\/","title":{"rendered":"Istra\u017eivanje na terenu"},"content":{"rendered":"\t\t<div data-elementor-type=\"wp-post\" data-elementor-id=\"1256\" class=\"elementor elementor-1256 elementor-572 elementor-bc-flex-widget\" data-elementor-post-type=\"page\">\n\t\t\t\t\t\t<section class=\"elementor-section elementor-top-section elementor-element elementor-element-0f31aa5 elementor-section-full_width elementor-section-items-top elementor-section-height-full elementor-section-height-default\" data-id=\"0f31aa5\" data-element_type=\"section\">\n\t\t\t\t\t\t<div class=\"elementor-container elementor-column-gap-no\">\n\t\t\t\t\t<div class=\"elementor-column elementor-col-33 elementor-top-column elementor-element elementor-element-35d15cc elementor-invisible\" data-id=\"35d15cc\" data-element_type=\"column\" data-settings=\"{&quot;animation&quot;:&quot;fadeIn&quot;,&quot;animation_delay&quot;:750}\">\n\t\t\t<div class=\"elementor-widget-wrap elementor-element-populated\">\n\t\t\t\t\t\t<div class=\"elementor-element elementor-element-6142943 elementor-pagination-position-outside elementor-widget elementor-widget-image-carousel\" data-id=\"6142943\" data-element_type=\"widget\" data-settings=\"{&quot;slides_to_show&quot;:&quot;1&quot;,&quot;navigation&quot;:&quot;dots&quot;,&quot;autoplay&quot;:&quot;yes&quot;,&quot;pause_on_hover&quot;:&quot;yes&quot;,&quot;pause_on_interaction&quot;:&quot;yes&quot;,&quot;autoplay_speed&quot;:5000,&quot;infinite&quot;:&quot;yes&quot;,&quot;effect&quot;:&quot;slide&quot;,&quot;speed&quot;:500}\" data-widget_type=\"image-carousel.default\">\n\t\t\t\t<div class=\"elementor-widget-container\">\n\t\t\t\t\t<div class=\"elementor-image-carousel-wrapper swiper\" dir=\"ltr\">\n\t\t\t<div class=\"elementor-image-carousel swiper-wrapper\" aria-live=\"off\">\n\t\t\t\t\t\t\t\t<div class=\"swiper-slide\" role=\"group\" aria-roledescription=\"slide\" aria-label=\"1 of 3\"><figure class=\"swiper-slide-inner\"><img decoding=\"async\" class=\"swiper-slide-image\" src=\"https:\/\/cau.co.me\/wp-content\/uploads\/F1.jpg\" alt=\"F1\" \/><\/figure><\/div><div class=\"swiper-slide\" role=\"group\" aria-roledescription=\"slide\" aria-label=\"2 of 3\"><figure class=\"swiper-slide-inner\"><img decoding=\"async\" class=\"swiper-slide-image\" src=\"https:\/\/cau.co.me\/wp-content\/uploads\/F3.jpg\" alt=\"F3\" \/><\/figure><\/div><div class=\"swiper-slide\" role=\"group\" aria-roledescription=\"slide\" aria-label=\"3 of 3\"><figure class=\"swiper-slide-inner\"><img decoding=\"async\" class=\"swiper-slide-image\" src=\"https:\/\/cau.co.me\/wp-content\/uploads\/F4.jpg\" alt=\"F4\" \/><\/figure><\/div>\t\t\t<\/div>\n\t\t\t\t\t\t\t\n\t\t\t\t\t\t\t\t\t<div class=\"swiper-pagination\"><\/div>\n\t\t\t\t\t\t\t\t\t<\/div>\n\t\t\t\t<\/div>\n\t\t\t\t<\/div>\n\t\t\t\t\t<\/div>\n\t\t<\/div>\n\t\t\t\t<div class=\"elementor-column elementor-col-66 elementor-top-column elementor-element elementor-element-5c78a73 elementor-invisible\" data-id=\"5c78a73\" data-element_type=\"column\" data-settings=\"{&quot;animation&quot;:&quot;fadeIn&quot;}\">\n\t\t\t<div class=\"elementor-widget-wrap elementor-element-populated\">\n\t\t\t\t\t\t<div class=\"elementor-element elementor-element-49c6252 elementor-widget elementor-widget-heading\" data-id=\"49c6252\" data-element_type=\"widget\" data-widget_type=\"heading.default\">\n\t\t\t\t<div class=\"elementor-widget-container\">\n\t\t\t<h3 class=\"elementor-heading-title elementor-size-default\">Istra\u017eivanje na terenu<\/h3>\t\t<\/div>\n\t\t\t\t<\/div>\n\t\t\t\t<div class=\"elementor-element elementor-element-85a3491 elementor-widget-divider--view-line elementor-widget elementor-widget-divider\" data-id=\"85a3491\" data-element_type=\"widget\" data-widget_type=\"divider.default\">\n\t\t\t\t<div class=\"elementor-widget-container\">\n\t\t\t\t\t<div class=\"elementor-divider\">\n\t\t\t<span class=\"elementor-divider-separator\">\n\t\t\t\t\t\t<\/span>\n\t\t<\/div>\n\t\t\t\t<\/div>\n\t\t\t\t<\/div>\n\t\t\t\t<div class=\"elementor-element elementor-element-6591cd2 elementor-widget elementor-widget-text-editor\" data-id=\"6591cd2\" data-element_type=\"widget\" data-widget_type=\"text-editor.default\">\n\t\t\t\t<div class=\"elementor-widget-container\">\n\t\t\t\t\t\t\t<p>Tako\u0111e pru\u017eamo usluge izrade razli\u010ditih studije (klimatske, prostorne, geotehni\u010dke, geomehani\u010dke, itd.) kao i elaborata (o strate\u0161koj procjeni i procjeni uticaja na \u017eivotnu sredinu, zemlji\u0161nim politikama, turizmu, kulturnom naslje\u0111u, studije izvodljivosti, itd.) koje su neophodne za uspje\u0161nu realizaciju projekta.<\/p>\n<ul>\n<li>Studije izvodljivosti<\/li>\n<li>Infrastrukturne studije<\/li>\n<li>Procjene uticaja na \u017eivotnu sredinu (EIA)<\/li>\n<li>Strate\u0161ke procjene uticaja na \u017eivotnu sredinu (SEA)<\/li>\n<li>Studije vizuelnog uticaja (VIA)<\/li>\n<\/ul>\n\t\t\t\t\t\t<\/div>\n\t\t\t\t<\/div>\n\t\t\t\t\t<\/div>\n\t\t<\/div>\n\t\t\t\t\t<\/div>\n\t\t<\/section>\n\t\t\t\t<\/div>\n\t\t","protected":false},"excerpt":{"rendered":"<p>Istra\u017eivanje na terenu Tako\u0111e pru\u017eamo usluge izrade razli\u010ditih studije (klimatske, prostorne, geotehni\u010dke, geomehani\u010dke, itd.) kao i elaborata (o strate\u0161koj procjeni i procjeni uticaja na \u017eivotnu sredinu, zemlji\u0161nim politikama, turizmu, kulturnom naslje\u0111u, studije izvodljivosti, itd.) koje su neophodne za uspje\u0161nu realizaciju projekta. Studije izvodljivosti Infrastrukturne studije Procjene uticaja na \u017eivotnu sredinu (EIA) Strate\u0161ke procjene uticaja na [&hellip;]<\/p>\n","protected":false},"author":1,"featured_media":0,"parent":0,"menu_order":0,"comment_status":"closed","ping_status":"closed","template":"elementor_header_footer","meta":{"footnotes":""},"class_list":["post-1256","page","type-page","status-publish","hentry"],"_links":{"self":[{"href":"https:\/\/cau.co.me\/me\/wp-json\/wp\/v2\/pages\/1256"}],"collection":[{"href":"https:\/\/cau.co.me\/me\/wp-json\/wp\/v2\/pages"}],"about":[{"href":"https:\/\/cau.co.me\/me\/wp-json\/wp\/v2\/types\/page"}],"author":[{"embeddable":true,"href":"https:\/\/cau.co.me\/me\/wp-json\/wp\/v2\/users\/1"}],"replies":[{"embeddable":true,"href":"https:\/\/cau.co.me\/me\/wp-json\/wp\/v2\/comments?post=1256"}],"version-history":[{"count":5,"href":"https:\/\/cau.co.me\/me\/wp-json\/wp\/v2\/pages\/1256\/revisions"}],"predecessor-version":[{"id":1367,"href":"https:\/\/cau.co.me\/me\/wp-json\/wp\/v2\/pages\/1256\/revisions\/1367"}],"wp:attachment":[{"href":"https:\/\/cau.co.me\/me\/wp-json\/wp\/v2\/media?parent=1256"}],"curies":[{"name":"wp","href":"https:\/\/api.w.org\/{rel}","templated":true}]}}