{"id":1258,"date":"2019-02-22T16:47:27","date_gmt":"2019-02-22T16:47:27","guid":{"rendered":"https:\/\/cau.co.me\/zaposljavanje\/"},"modified":"2019-02-22T16:47:39","modified_gmt":"2019-02-22T16:47:39","slug":"zaposljavanje","status":"publish","type":"page","link":"https:\/\/cau.co.me\/me\/zaposljavanje\/","title":{"rendered":"Zapo\u0161ljavanje"},"content":{"rendered":"\t\t<div data-elementor-type=\"wp-post\" data-elementor-id=\"1258\" class=\"elementor elementor-1258 elementor-1030 elementor-bc-flex-widget\" data-elementor-post-type=\"page\">\n\t\t\t\t\t\t<section class=\"elementor-section elementor-top-section elementor-element elementor-element-b083fdf elementor-section-full_width elementor-section-items-top elementor-section-height-full elementor-section-height-default elementor-invisible\" data-id=\"b083fdf\" data-element_type=\"section\" data-settings=\"{&quot;animation&quot;:&quot;fadeIn&quot;}\">\n\t\t\t\t\t\t<div class=\"elementor-container elementor-column-gap-no\">\n\t\t\t\t\t<div class=\"elementor-column elementor-col-100 elementor-top-column elementor-element elementor-element-2727a61 elementor-invisible\" data-id=\"2727a61\" data-element_type=\"column\" data-settings=\"{&quot;animation&quot;:&quot;fadeIn&quot;}\">\n\t\t\t<div class=\"elementor-widget-wrap elementor-element-populated\">\n\t\t\t\t\t\t<div class=\"elementor-element elementor-element-8d37f2c elementor-widget elementor-widget-heading\" data-id=\"8d37f2c\" data-element_type=\"widget\" data-widget_type=\"heading.default\">\n\t\t\t\t<div class=\"elementor-widget-container\">\n\t\t\t<h3 class=\"elementor-heading-title elementor-size-default\">Zapo\u0161ljavanje<\/h3>\t\t<\/div>\n\t\t\t\t<\/div>\n\t\t\t\t<div class=\"elementor-element elementor-element-901944d elementor-widget elementor-widget-text-editor\" data-id=\"901944d\" data-element_type=\"widget\" data-widget_type=\"text-editor.default\">\n\t\t\t\t<div class=\"elementor-widget-container\">\n\t\t\t\t\t\t\t<p style=\"text-align: center;\">Konstantno tragamo za talentovanim ljudima koji bi postali dio na\u0161eg multidisciplinarnog tima. Ukoliko \u017eelite da saznate vi\u0161e o mogu\u0107nostima da nam se prdu\u017eite, molimo Vas da po\u0161aljete Va\u0161 CV na e-mail adresu: <a href=\"mailto:cau@cau.co.me\">cau@cau.co.me<\/a><\/p>\n\t\t\t\t\t\t<\/div>\n\t\t\t\t<\/div>\n\t\t\t\t\t<\/div>\n\t\t<\/div>\n\t\t\t\t\t<\/div>\n\t\t<\/section>\n\t\t\t\t<\/div>\n\t\t","protected":false},"excerpt":{"rendered":"<p>Zapo\u0161ljavanje Konstantno tragamo za talentovanim ljudima koji bi postali dio na\u0161eg multidisciplinarnog tima. Ukoliko \u017eelite da saznate vi\u0161e o mogu\u0107nostima da nam se prdu\u017eite, molimo Vas da po\u0161aljete Va\u0161 CV na e-mail adresu: cau@cau.co.me<\/p>\n","protected":false},"author":1,"featured_media":0,"parent":0,"menu_order":0,"comment_status":"closed","ping_status":"closed","template":"elementor_header_footer","meta":{"footnotes":""},"class_list":["post-1258","page","type-page","status-publish","hentry"],"_links":{"self":[{"href":"https:\/\/cau.co.me\/me\/wp-json\/wp\/v2\/pages\/1258"}],"collection":[{"href":"https:\/\/cau.co.me\/me\/wp-json\/wp\/v2\/pages"}],"about":[{"href":"https:\/\/cau.co.me\/me\/wp-json\/wp\/v2\/types\/page"}],"author":[{"embeddable":true,"href":"https:\/\/cau.co.me\/me\/wp-json\/wp\/v2\/users\/1"}],"replies":[{"embeddable":true,"href":"https:\/\/cau.co.me\/me\/wp-json\/wp\/v2\/comments?post=1258"}],"version-history":[{"count":3,"href":"https:\/\/cau.co.me\/me\/wp-json\/wp\/v2\/pages\/1258\/revisions"}],"predecessor-version":[{"id":1261,"href":"https:\/\/cau.co.me\/me\/wp-json\/wp\/v2\/pages\/1258\/revisions\/1261"}],"wp:attachment":[{"href":"https:\/\/cau.co.me\/me\/wp-json\/wp\/v2\/media?parent=1258"}],"curies":[{"name":"wp","href":"https:\/\/api.w.org\/{rel}","templated":true}]}}